{"id":28,"date":"2016-06-22T15:16:12","date_gmt":"2016-06-22T13:16:12","guid":{"rendered":"https:\/\/procapgrischun.ch\/?page_id=28"},"modified":"2018-05-28T14:27:34","modified_gmt":"2018-05-28T12:27:34","slug":"geschichte","status":"publish","type":"page","link":"https:\/\/procapgrischun.ch\/RO\/ueber-uns\/geschichte\/","title":{"rendered":"Istorgia"},"content":{"rendered":"<p><\/p>\n<table>\n<tbody>\n<tr style=\"height: 104px;\">\n<td style=\"height: 104px;\"><\/td>\n<td style=\"height: 104px;\"><strong>2011<br \/>\n<\/strong><strong>1000 commembers solidarics<br \/>\n<\/strong>Margrit Tischhauser Trechsel (amez) vegn beneventada da C\u00e9line Benz, manadra dal post da cussegliaziun Tavau\/Partenz, e da Diego Farr\u00e9r, manader da fatschenta da Procap Grischun, sco 1000avla commembra solidarica da Procap Grischun.<\/td>\n<\/tr>\n<tr style=\"height: 74px;\">\n<td style=\"height: 74px;\"><\/td>\n<td style=\"height: 74px;\"><strong>2009<br \/>\n<\/strong><strong>Procap Grischun dumbra 2500 commembers<br \/>\n<\/strong>Aaron Noah Casparis, il 2500 avel commember da Procap Grischun, ensemen cun ses geniturs Manuela e Peter Casparis da Seglias ed il president da l&#8217;uniun Ilario Bondolfi (a sanestra).<\/td>\n<\/tr>\n<tr style=\"height: 120px;\">\n<td style=\"height: 120px;\"><\/td>\n<td style=\"height: 120px;\"><strong>2006<br \/>\n<\/strong><strong>75 onns Procap Grischun<br \/>\n<\/strong>Procap Grischun, l&#8217;anteriura Uniun grischuna d&#8217;impedids, festivescha l&#8217;onn 2006 il giubileum da 75 onns.(Verlinkung Zeitung 75 Jahre)<\/td>\n<\/tr>\n<tr style=\"height: 24px;\">\n<td style=\"height: 24px;\"><\/td>\n<td style=\"height: 24px;\"><strong>Procap Grischun dumbra 2000 commembers<br \/>\n<\/strong>Simona, la 2000avla commembra, ensemen cun sia mamma Martina Fl\u00fctsch da St. Ant\u00f6nien ed il president da l&#8217;uniun Agostino Priuli.<\/td>\n<\/tr>\n<tr style=\"height: 24px;\">\n<td style=\"height: 24px;\"><\/td>\n<td style=\"height: 24px;\"><strong>2004<br \/>\n<\/strong><strong>B\u00fcndner Jahrbuch 2004<br \/>\n<\/strong>Il B\u00fcndner Jahrbuch 2004 ha preschent\u00e0 en il rom da ses tema principal &#8222;Onn europeic dals umans cun impediments&#8221; detagliadamain il mintgadi e l&#8217;integraziun d&#8217;umans cun impediments. <\/td>\n<\/tr>\n<tr style=\"height: 24px;\">\n<td style=\"height: 24px;\"><\/td>\n<td style=\"height: 24px;\"><\/td>\n<\/tr>\n<tr style=\"height: 24px;\">\n<td style=\"height: 24px;\"><\/td>\n<td style=\"height: 24px;\"><strong>2003<br \/>\n<\/strong><strong>Angelo e la muetta<br \/>\n<\/strong>Fotoshooting per la &#8222;Schweizer Illustrierte&#8221; dals 8 da settember 2003: l&#8217;autur Vincenzo Todisco, il cusseglier federal Joseph Deiss, il pictur artist Rudolf Mirer ed Agostino Priuli, il president da Procap Grischun (da dretga).<\/p>\n<p>Sco contribuziun per l&#8217;Onn europeic dals umans cun impediments edescha Procap Grischun il cudesch &#8222;Angelo e la muetta&#8221;. Il cudesch cumpara gia en sia emprima ediziun en tut las quatter linguas naziunalas.\n<\/td>\n<\/tr>\n<tr style=\"height: 24px;\">\n<td style=\"height: 24px;\"><\/td>\n<td style=\"height: 24px;\"><strong>L&#8217;uniun dumbra 1500 commembers<br \/>\n<\/strong>Silvia M\u00fcller da Tusaun vegn beneventada da Christian Demarmels, cussegliader da la regiun Grischun Central\/Mesauc e da Diego Farr\u00e9r, manader da fatschenta, sco 1500avla commembra da Procap Grischun.<\/td>\n<\/tr>\n<tr style=\"height: 24px;\">\n<td style=\"height: 24px;\"><\/td>\n<td style=\"height: 24px;\"><strong>Il Pitschen Prinzi<br \/>\n<\/strong>Cun bler success realisescha Procap Grischun il matg 2003 sin la Piazza da la clinica Beverin a Cazas il gieu al liber &#8222;Il Pitschen Prinzi&#8221; sco contribuziun a las festivitads da &#8222;200 onns Grischun en la Confederaziun&#8221;.<\/td>\n<\/tr>\n<tr style=\"height: 24px;\">\n<td style=\"height: 24px;\"><\/td>\n<td style=\"height: 24px;\"><strong>Gea a l&#8217;access liber \u2013 gea a l&#8217;iniziativa davart las persunas cun impediments<br \/>\n<\/strong>A chaschun da la votaziun federala dals 18 da matg 2003 davart l&#8217;iniziativa dal pievel &#8222;Medems dretgs per impedids&#8221; tutga Procap tar ils gronds perdents ensemen cun tut las ulteriuras organisaziuns da persunas cun impediments e surtut cun tut ils umans pertutgads en l&#8217;entira Svizra.<\/td>\n<\/tr>\n<tr style=\"height: 24px;\">\n<td style=\"height: 24px;\"><\/td>\n<td style=\"height: 24px;\"><strong>Supplement da gasetta integr\u00e0<br \/>\n<\/strong>L&#8217;onn 2003 po vegnir valit\u00e0 per Procap Grischun sco in dals onns cun il pli grond success en l&#8217;istorgia da l&#8217;uniun da passa 70 onns. La S\u00fcdostschweiz Publicitas SA deditgescha a Procap Grischun in supplement da gasetta integr\u00e0 en la S\u00fcdostschweiz ed en il B\u00fcndner Tagblatt. Il purtret mussa il svilup d&#8217;ina pitschna uniun ad in&#8217;organisaziun d&#8217;agid a sasez moderna per umans cun handicap.<br \/>\n<a href=\"https:\/\/procapgrischun.ch\/wp-content\/uploads\/2016\/06\/2003_zeitungsbeilage.pdf\" target=\"_blank\" title=\"zeitungsbeilage\">Supplement da gasetta 2003 (tudestg)<\/a><\/td>\n<\/tr>\n<tr style=\"height: 24px;\">\n<td style=\"height: 24px;\"><\/td>\n<td style=\"height: 24px;\"><strong>2002<br \/>\n<\/strong><strong>L&#8217;Uniun grischuna d&#8217;impedids daventa &#8222;Procap Grischun&#8221;<br \/>\n<\/strong>Ensemen cun l&#8217;uniun tetgala lantscha l&#8217;uniun grischuna la nova marca &#8222;Procap \u2013 per umans cun handicap&#8221;.<\/td>\n<\/tr>\n<tr style=\"height: 24px;\">\n<td style=\"height: 24px;\"><\/td>\n<td style=\"height: 24px;\"><strong>2001<br \/>\n<\/strong><strong>Avertura dal post da cussegliaziun Grischun Central\/Mesauc<br \/>\n<\/strong>Ils 20 d&#8217;october 2001 vegn avert a Panaduz il post da cussegliaziun Grischun Central\/Mesauc.<\/td>\n<\/tr>\n<tr style=\"height: 24px;\">\n<td style=\"height: 24px;\"><\/td>\n<td style=\"height: 24px;\"><strong>2000<br \/>\n<\/strong><strong>L&#8217;uniun dumbra 1000 commembers<br \/>\n<\/strong>Ils 14 da settember 2000 po l&#8217;uniun beneventar il 1000avel commember. Sco surpraisa po Susi Vinzens da Glion, la 1000avla commembra, far in gir cun il helicopter. <\/td>\n<\/tr>\n<tr style=\"height: 24px;\">\n<td style=\"height: 24px;\"><\/td>\n<td style=\"height: 24px;\"><strong>Ir vias cuminaivlamain \u2013 surmuntar ils obstachels<br \/>\n<\/strong>La finamira da la campagna da reclama &#8222;Ir vias cuminaivlamain \u2013 surmuntar ils obstachels&#8221; \u00e8 da promover la solidaritad envers umans cun impediments e da render attent la publicitad a barrieras architectonicas. Per l&#8217;emprima giada vegn organisada sut il medem motto in&#8217;excursiun en sutgas cun rodas spezialas per far trekking.<\/td>\n<\/tr>\n<tr style=\"height: 24px;\">\n<td style=\"height: 24px;\"><\/td>\n<td style=\"height: 24px;\"><strong>Nova gasetta da l&#8217;uniun &#8222;Activa&#8221;<br \/>\n<\/strong>Il fegl d&#8217;infurmaziun intern existent vegn svilupp\u00e0 vinavant a la gasetta d&#8217;uniun &#8222;Activa&#8221;. <\/td>\n<\/tr>\n<tr style=\"height: 24px;\">\n<td style=\"height: 24px;\"><\/td>\n<td style=\"height: 24px;\"><strong>In&#8217;atgna pagina-web<br \/>\n<\/strong>L&#8217;uniun \u00e8 per l&#8217;emprima giada preschenta er en l&#8217;internet cun in&#8217;atgna pagina-web en tut las trais linguas chantunalas.<\/td>\n<\/tr>\n<tr style=\"height: 24px;\">\n<td style=\"height: 24px;\"><\/td>\n<td style=\"height: 24px;\"><strong>Project da teater: Las posaunas da Jerico<br \/>\n<\/strong>Sco novum en l&#8217;istorgia da l&#8217;uniun vegn represchent\u00e0 il teater &#8222;Las posaunas da Jerico&#8221; cun acturas ed acturs impedids e betg impedids. Per la reschia \u00e8 responsabel Philipp Lenz da Cazas. Las represchentaziuns, che retschaivan bler applaus dal public, han lieu a chaschun da l&#8217;avertura da la nova chasa da cultura en la Bienenstrasse a Cuira.<\/td>\n<\/tr>\n<tr style=\"height: 24px;\">\n<td style=\"height: 24px;\"><\/td>\n<td style=\"height: 24px;\"><strong>Nova purschida: in servetsch da visita<br \/>\n<\/strong>La paletta da servetschs da l&#8217;uniun vegn engrondida: cun persunas voluntaras vegn cre\u00e0 in servetsch da visita. <\/td>\n<\/tr>\n<tr style=\"height: 24px;\">\n<td style=\"height: 24px;\"><\/td>\n<td style=\"height: 24px;\"><strong>1999<br \/>\n<\/strong><strong>Nov post da cussegliaziun Tavau\/Partenz<br \/>\n<\/strong>Ils 21 d&#8217;avust 1999 avra l&#8217;uniun a Tavau il post da cussegliaziun per il circul da Tavau ed il Partenz.<\/td>\n<\/tr>\n<tr style=\"height: 24px;\">\n<td style=\"height: 24px;\"><\/td>\n<td style=\"height: 24px;\"><strong>Cun forzas unidas cunter l&#8217;aboliziun dal quart da renta AI<br \/>\n<\/strong>L&#8217;uniun s&#8217;engascha fermamain e cun success cunter l&#8217;aboliziun dal quart da renta AI. Da sanestra: Diego Farr\u00e9r, manader da fatschenta da l&#8217;Uniun grischuna d&#8217;impedids, cusseglier naziunal Andrea H\u00e4mmerle, cussegliera naziunala Brigitta Gadient, deputada Beatrice Baselgia e deput\u00e0 Beda M\u00fcller.<\/td>\n<\/tr>\n<tr style=\"height: 24px;\">\n<td style=\"height: 24px;\"><\/td>\n<td style=\"height: 24px;\"><strong>Agostino Priuli vegn eleg\u00ec en la suprastanza centrala<br \/>\n<\/strong>A la radunanza da delegads da l&#8217;Associaziun svizra d&#8217;invalids a Langenthal vegn il president da l&#8217;Uniun grischuna d&#8217;impedids Agostino Priuli eleg\u00ec da nov en la suprastanza centrala. Il vicepresident Markus Mehr daventa responsabel da las relaziuns publicas da handisport, il team da Swiss Ski da las persunas cun impediments.<\/td>\n<\/tr>\n<tr style=\"height: 24px;\">\n<td style=\"height: 24px;\"><\/td>\n<td style=\"height: 24px;\"><strong>1998<br \/>\n<\/strong>Campagna en favur da l&#8217;egualitad da persunas cun impediments:<br \/>\n&#8222;Nus essan impedids! Nus savain co ir enturn cun quai. \u2013 E Vus?&#8221; Cun ina campagna da placats duai l&#8217;egualitad da las persunas cun impediments vegnir accelerada. L&#8217;uniun spera surtut sin in vast sustegn da l&#8217;iniziativa dal pievel &#8222;Medems dretgs per impedids&#8221;.<\/td>\n<\/tr>\n<tr style=\"height: 24px;\">\n<td style=\"height: 24px;\"><\/td>\n<td style=\"height: 24px;\"><strong>Avertura dal post da cussegliaziun Surselva<br \/>\n<\/strong>Ils 14 da november 1998 vegn avert a Rueun (Glion) il post da cussegliaziun per la Surselva.<\/td>\n<\/tr>\n<tr style=\"height: 24px;\">\n<td style=\"height: 24px;\"><\/td>\n<td style=\"height: 24px;\"><strong>Novs statuts da l&#8217;uniun<br \/>\n<\/strong>A la radunanza da commembers dals 21 da mars 1998 vegn approvada unanimamain la revisiun totala dals statuts da l&#8217;uniun.<\/td>\n<\/tr>\n<tr style=\"height: 24px;\">\n<td style=\"height: 24px;\"><\/td>\n<td style=\"height: 24px;\"><strong>Gronda demonstraziun per l&#8217;egualitad a Berna<br \/>\n<\/strong>Ils 14 da mars 1998 sa participescha l&#8217;uniun ensemen cun autras organisaziuns da la Conferenza grischuna da persunas cun impediments a la gronda demonstraziun en favur da l&#8217;egualitad. Quella ha lieu avant la Chasa federala a Berna. La pretensiun: medems dretgs per ils impedids.<\/td>\n<\/tr>\n<tr style=\"height: 24px;\">\n<td style=\"height: 24px;\"><\/td>\n<td style=\"height: 24px;\"><strong>1997<br \/>\n<\/strong><strong>Avertura dal post da cussegliaziun Grischun dal Sid<br \/>\n<\/strong>Ils 25 d&#8217;october 1997 vegn avert a Samedan il post da cussegliaziun Grischun dal Sid.<\/td>\n<\/tr>\n<tr style=\"height: 24px;\">\n<td style=\"height: 24px;\"><\/td>\n<td style=\"height: 24px;\"><strong>Secretariat central a Cuira<br \/>\n<\/strong>A partir dal 1. d&#8217;avust 1997 vegn install\u00e0 in secretariat central a Cuira. Il project da la plattafurma da l&#8217;avegnir e la nova strategia da l&#8217;uniun vegnan realisads. Il president Agostino Priuli (a sanestra) ed il manader da fatschenta da l&#8217;uniun Diego Farr\u00e9r.<\/td>\n<\/tr>\n<tr style=\"height: 24px;\">\n<td style=\"height: 24px;\"><\/td>\n<td style=\"height: 24px;\"><strong>Nov logo da l&#8217;uniun<br \/>\n<\/strong>A la radunanza da commembers dals 22 da mars 1997 survegn l&#8217;uniun in nov logo.<\/td>\n<\/tr>\n<tr style=\"height: 24px;\">\n<td style=\"height: 24px;\"><\/td>\n<td style=\"height: 24px;\"><strong>Augment da las plazzas<br \/>\n<\/strong>Il project da la plattafurma da l&#8217;avegnir persvada era l&#8217;Uffizi federal d&#8217;assicuranzas socialas (UFAS). El approvescha ils 28 da favrer 1997 in augment da las plazzas sin totalmain 170 pertschients da plazza (80% per la gestiun e mintgamai 30% per trais posts da cussegliaziun).<\/td>\n<\/tr>\n<tr style=\"height: 24px;\">\n<td style=\"height: 24px;\"><\/td>\n<td style=\"height: 24px;\"><strong>1996<br \/>\n<\/strong><strong>L&#8217;uniun dumbra passa 500 commembers<br \/>\n<\/strong>Ils 31 da december 1996 dumbra l&#8217;uniun 515 commembers.<\/td>\n<\/tr>\n<tr style=\"height: 24px;\">\n<td style=\"height: 24px;\"><\/td>\n<td style=\"height: 24px;\"><strong>1995<br \/>\n<\/strong><strong>Project: plattafurma da l&#8217;avegnir<br \/>\n<\/strong>Il project da la plattafurma da l&#8217;avegnir vegn inizi\u00e0. A basa d&#8217;ina analisa cumplessiva da l&#8217;uniun e da l&#8217;ambient vegn elavurada ina nova strategia da l&#8217;uniun.<\/td>\n<\/tr>\n<tr style=\"height: 24px;\">\n<td style=\"height: 24px;\"><\/td>\n<td style=\"height: 24px;\"><strong>1993<br \/>\n<\/strong><strong>La fusiun a la nova Uniun grischuna d&#8217;impedids \u00e8 reussida<br \/>\n<\/strong>A la radunanza da commembers istorica dals 6 da mars 1993 a Domat fusiunescha l&#8217;Uniun grischuna d&#8217;invalids cun la secziun grischuna da l&#8217;Associaziun svizra d&#8217;invalids, fundada l&#8217;onn 1987. La nova uniun sa numna Uniun grischuna d&#8217;impedids. Per la fusiun avevi d\u00e0 differentas raschuns. Il fatg ch&#8217;i deva en il Grischun duas organisaziuns d&#8217;agid a sasez per umans cun impediments vegniva resent\u00ec adina pli fitg sco nunefficazi. Ultra da quai avevan las duas uniuns da cumbatter cun l&#8217;envegliament e cun dumbers da commembers stagnants u regressivs.<\/p>\n<p>Ils dus &#8222;presidents da fusiun&#8221;: plevon Arno Schocher (a dretga) e Jakob Staub.<\/td>\n<\/tr>\n<tr style=\"height: 24px;\">\n<td style=\"height: 24px;\"><\/td>\n<td style=\"height: 24px;\"><strong>1987<br \/>\n<\/strong><strong>Fundaziun d&#8217;ina nova secziun en il Grischun<br \/>\n<\/strong>Ils 31 da matg 1987 vegn fund\u00e0 en l&#8217;Hotel Chur a Cuira ina nova secziun da l&#8217;Associaziun svizra d&#8217;invalids.<\/td>\n<\/tr>\n<tr style=\"height: 24px;\">\n<td style=\"height: 24px;\"><\/td>\n<td style=\"height: 24px;\"><strong>1981<br \/>\n<\/strong><strong>Giubileum da 50 onns<br \/>\n<\/strong>L&#8217;Uniun grischuna d&#8217;invalids festivescha ses giubileum da 50 onns.<\/td>\n<\/tr>\n<tr style=\"height: 24px;\">\n<td style=\"height: 24px;\"><\/td>\n<td style=\"height: 24px;\"><strong>1959<br \/>\n<\/strong>Extrada da l&#8217;Associaziun svizra d&#8217;invalids e fundaziun da l&#8217;Uniun grischuna d&#8217;invalids.<br \/>\nDifferentas difficultads han man\u00e0 a l&#8217;extrada da l&#8217;uniun tetgala. Il 1959 fundeschan ils commembers extrads da l&#8217;Associaziun svizra d&#8217;invalids l&#8217;Uniun grischuna d&#8217;invalids.\n<\/td>\n<\/tr>\n<tr style=\"height: 24px;\">\n<td style=\"height: 24px;\"><\/td>\n<td style=\"height: 24px;\"><strong>1931<br \/>\n<\/strong><strong>Fundaziun da l&#8217;uniun<br \/>\n<\/strong>Dumengia, ils 31 da matg 1931 vegn fundada en l&#8217;ustaria &#8222;Gasthaus Franziskaner&#8221; a Cuira la secziun grischuna da l&#8217;Associaziun svizra d&#8217;invalids.<\/td>\n<\/tr>\n<\/tbody>\n<\/table>\n<p><\/p>","protected":false},"excerpt":{"rendered":"<p>2011 1000 commembers solidarics Margrit Tischhauser Trechsel (amez) vegn beneventada da C\u00e9line Benz, manadra dal post da cussegliaziun Tavau\/Partenz, e da Diego Farr\u00e9r, manader da fatschenta da Procap Grischun, sco&#8230;  <a class=\"excerpt-read-more\" href=\"https:\/\/procapgrischun.ch\/RO\/ueber-uns\/geschichte\/\" title=\"Read Istorgia\">Cite\u0219te mai mult &raquo;<\/a><\/p>\n","protected":false},"author":1,"featured_media":223,"parent":18,"menu_order":50,"comment_status":"closed","ping_status":"closed","template":"","meta":{"_acf_changed":false,"footnotes":""},"class_list":["post-28","page","type-page","status-publish","has-post-thumbnail","hentry"],"acf":[],"aioseo_notices":[],"_links":{"self":[{"href":"https:\/\/procapgrischun.ch\/RO\/wp-json\/wp\/v2\/pages\/28","targetHints":{"allow":["GET"]}}],"collection":[{"href":"https:\/\/procapgrischun.ch\/RO\/wp-json\/wp\/v2\/pages"}],"about":[{"href":"https:\/\/procapgrischun.ch\/RO\/wp-json\/wp\/v2\/types\/page"}],"author":[{"embeddable":true,"href":"https:\/\/procapgrischun.ch\/RO\/wp-json\/wp\/v2\/users\/1"}],"replies":[{"embeddable":true,"href":"https:\/\/procapgrischun.ch\/RO\/wp-json\/wp\/v2\/comments?post=28"}],"version-history":[{"count":25,"href":"https:\/\/procapgrischun.ch\/RO\/wp-json\/wp\/v2\/pages\/28\/revisions"}],"predecessor-version":[{"id":889,"href":"https:\/\/procapgrischun.ch\/RO\/wp-json\/wp\/v2\/pages\/28\/revisions\/889"}],"up":[{"embeddable":true,"href":"https:\/\/procapgrischun.ch\/RO\/wp-json\/wp\/v2\/pages\/18"}],"wp:featuredmedia":[{"embeddable":true,"href":"https:\/\/procapgrischun.ch\/RO\/wp-json\/wp\/v2\/media\/223"}],"wp:attachment":[{"href":"https:\/\/procapgrischun.ch\/RO\/wp-json\/wp\/v2\/media?parent=28"}],"curies":[{"name":"wp","href":"https:\/\/api.w.org\/{rel}","templated":true}]}}