{"id":284,"date":"2017-03-10T13:46:35","date_gmt":"2017-03-10T12:46:35","guid":{"rendered":"https:\/\/procapgrischun.ch\/dienstleistungen\/besuchsdienst-copy\/"},"modified":"2025-07-14T09:38:32","modified_gmt":"2025-07-14T07:38:32","slug":"spenden","status":"publish","type":"page","link":"https:\/\/procapgrischun.ch\/RO\/spenden\/","title":{"rendered":"Donaziuns"},"content":{"rendered":"<p><\/p>\n<h4>Donaziuns:<\/h4>\n<p>Cun ina donaziun sustegnais Vus las activitads generalas da Procap Grischun. Vus pudais era far ina donaziun liada ad in intent specific u As engaschar sco sponsur per in project da sport, cultura u temp liber. Cun in legat u in relasch a favur da Procap Grischun exprimis Vus era cun Voss ultim giavisch Vossa solidaritad ed amur per il proxim. A medem temp stgaffis Vus clerezza \u2013 per Vus sez e Voss confamigliars.<\/p>\n<p>I dat las suandantas pussaivladads da far donaziuns<\/p>\n<ul>\n<li>donaziun en daners<\/li>\n<li>donaziun per in&#8217;occurrenza\/in event<\/li>\n<li>donaziun en cas da mortori<\/li>\n<li>legat<\/li>\n<li>sponsoring da projects<\/li>\n<li>donaziuns d&#8217;interpresas u Corporate Giving<\/li>\n<li>collecziun a chaschun d&#8217;occurrenzas da fatschenta<\/li>\n<li>plazzar nossas <a title=\"boxas da collecziun per valutas estras\" href=\"https:\/\/www.procap.ch\/de\/sich-engagieren\/spenden\/fremdwaehrungen.html\" target=\"_blank\" rel=\"noopener noreferrer\">boxas da collecziun per valutas estras<\/a><\/li>\n<\/ul>\n<p><strong>Procap Grischun<br \/>\nAlexanderstrasse 8<br \/>\n7000 Cuira<\/strong><\/p>\n<p>Spendenkonto:<br \/>\nPC 70-7755-0<br \/>\nIBAN CH71 0900 0000 7000 7755 0<br \/>\nBIC: POFICHBEXXX<\/p>\n<p>Per TWINT:<br \/>\n<a href=\"https:\/\/procapgrischun.ch\/wp-content\/uploads\/2021\/02\/TWINT_Individueller-Betrag_DE.png\"><img loading=\"lazy\" decoding=\"async\" class=\"alignnone size-medium wp-image-2822\" src=\"https:\/\/procapgrischun.ch\/wp-content\/uploads\/2021\/02\/TWINT_Individueller-Betrag_DE-300x137.png\" alt=\"\" width=\"300\" height=\"137\" srcset=\"https:\/\/procapgrischun.ch\/wp-content\/uploads\/2021\/02\/TWINT_Individueller-Betrag_DE-300x137.png 300w, https:\/\/procapgrischun.ch\/wp-content\/uploads\/2021\/02\/TWINT_Individueller-Betrag_DE-1024x467.png 1024w, https:\/\/procapgrischun.ch\/wp-content\/uploads\/2021\/02\/TWINT_Individueller-Betrag_DE-768x350.png 768w, https:\/\/procapgrischun.ch\/wp-content\/uploads\/2021\/02\/TWINT_Individueller-Betrag_DE-250x114.png 250w, https:\/\/procapgrischun.ch\/wp-content\/uploads\/2021\/02\/TWINT_Individueller-Betrag_DE-550x251.png 550w, https:\/\/procapgrischun.ch\/wp-content\/uploads\/2021\/02\/TWINT_Individueller-Betrag_DE-800x365.png 800w, https:\/\/procapgrischun.ch\/wp-content\/uploads\/2021\/02\/TWINT_Individueller-Betrag_DE-394x180.png 394w, https:\/\/procapgrischun.ch\/wp-content\/uploads\/2021\/02\/TWINT_Individueller-Betrag_DE-657x300.png 657w, https:\/\/procapgrischun.ch\/wp-content\/uploads\/2021\/02\/TWINT_Individueller-Betrag_DE.png 1087w\" sizes=\"auto, (max-width: 300px) 100vw, 300px\" \/><\/a><\/p>\n<h4>Donaziuns\/lavur voluntara:<\/h4>\n<p>Lavur voluntara<br \/>\nLas incumbensas che voluntaris surpiglian tar Procap Grischun \u00e8n usch\u00e8 multifaras sco ils umans che s&#8217;engaschan. Quai che collia tuts \u00e8 il plaschair da sustegnair auters umans. Quest agid vegn prest\u00e0 cun engaschi e respect per las persunas tgiradas e sin in nivel equivalent.<\/p>\n<p>Avair temp per ils umans<br \/>\nProcap Grischun \u00e8 dependent da voluntarias e voluntaris motivads che vulan passentar ina part da lur temp liber ensemen cun umans cun impediments. Mauns che sa gidan \u00e8n dumandads a chaschun d&#8217;occurrenzas, festas ed excursiuns. Surtut il servetsch da visita vegn apprezi\u00e0 fitg dals commembers. Blers umans han sin fundament da lur impediments fadia da bandunar lur dachasa. Perquai sa legran els da visitas regularas.<\/p>\n<p>Vulais Vus As engaschar? Alura As adressai per plaschair directamain a nus <a title=\"contact\" href=\"https:\/\/procapgrischun.ch\/RO\/kontakt\/\">contact<\/a>.<\/p>\n<p><strong>Bun da savair:<\/strong> Sche Vus faschais ina donaziun via e-banking u cun in cedel da pajament QR, na resultan per nus naginas taxas da transferiment ni da elavuraziun.<\/p>\n<p>&nbsp;<\/p>\n<img loading=\"lazy\" decoding=\"async\" class=\"alignleft wp-image-111\" title=\"zewo\" src=\"https:\/\/procapgrischun.ch\/wp-content\/uploads\/2016\/06\/Zewo-Gutesiegel-4c-278x300.jpg\" alt=\"zewo\" width=\"160\" height=\"173\" srcset=\"https:\/\/procapgrischun.ch\/wp-content\/uploads\/2016\/06\/Zewo-Gutesiegel-4c-278x300.jpg 278w, https:\/\/procapgrischun.ch\/wp-content\/uploads\/2016\/06\/Zewo-Gutesiegel-4c.jpg 350w\" sizes=\"auto, (max-width: 160px) 100vw, 160px\" \/>\n<p>Procap Grischun \u00e8 in&#8217;organisaziun d&#8217;utilitad publica senza finamira da profit ed ademplescha il standards da la ZEWO. Il sigil da qualitad garantescha ch&#8217;ils daners da donaziun vegnan impundids tenor l&#8217;intent e che las structuras da controlla \u00e8n independentas ed adequatas.<\/p>\n<p>&nbsp;<\/p>\n<p>&nbsp;<\/p>\n<h4>Nus engraziain a noss fauturs<\/h4>\n\n\t\t<style>\n\t\t\t#wpls-logo-showcase-slider-3 .wpls-fix-box,\n\t\t\t#wpls-logo-showcase-slider-3 .wpls-fix-box img.wp-post-image{max-height:250px; }\n\t\t<\/style>\n\n\t\t<div class=\"wpls-wrap wpls-logo-showcase-slider-wrp wpls-logo-clearfix wpls-design-1 \" data-conf=\"{&quot;slides_column&quot;:4,&quot;slides_scroll&quot;:1,&quot;dots&quot;:&quot;true&quot;,&quot;arrows&quot;:&quot;true&quot;,&quot;autoplay&quot;:&quot;true&quot;,&quot;autoplay_interval&quot;:3000,&quot;loop&quot;:&quot;true&quot;,&quot;rtl&quot;:&quot;false&quot;,&quot;speed&quot;:800,&quot;center_mode&quot;:&quot;false&quot;,&quot;lazyload&quot;:&quot;&quot;}\">\n\t\t\t<div class=\"wpls-logo-showcase logo_showcase wpls-logo-slider  sliderimage_hide_border \" id=\"wpls-logo-showcase-slider-3\" >\n\t\t\t\t<div class=\"wpls-logo-cnt\">\n\t<div class=\"wpls-fix-box\">\n\t\t\t\t<a href=\"https:\/\/www.helvetia.com\/\" target=\"_blank\">\n\t\t\t<img decoding=\"async\" class=\"wp-post-image\"  src=\"https:\/\/procapgrischun.ch\/wp-content\/uploads\/2017\/05\/HV_LOGO_100MM_POS_RGB.png\" alt=\"\" \/>\n\t\t<\/a>\n\t\t\t<\/div>\n\t<\/div><div class=\"wpls-logo-cnt\">\n\t<div class=\"wpls-fix-box\">\n\t\t\t\t<a href=\"http:\/\/www.fitnesstower.ch\" target=\"_blank\">\n\t\t\t<img decoding=\"async\" class=\"wp-post-image\"  src=\"https:\/\/procapgrischun.ch\/wp-content\/uploads\/2017\/05\/fitnesstower.jpg\" alt=\"\" \/>\n\t\t<\/a>\n\t\t\t<\/div>\n\t<\/div><div class=\"wpls-logo-cnt\">\n\t<div class=\"wpls-fix-box\">\n\t\t\t\t<a href=\"http:\/\/www.zuercher-rehazentren.ch\" target=\"_blank\">\n\t\t\t<img decoding=\"async\" class=\"wp-post-image\"  src=\"https:\/\/procapgrischun.ch\/wp-content\/uploads\/2017\/05\/rehazentren.jpg\" alt=\"\" \/>\n\t\t<\/a>\n\t\t\t<\/div>\n\t<\/div><div class=\"wpls-logo-cnt\">\n\t<div class=\"wpls-fix-box\">\n\t\t\t\t<a href=\"http:\/\/www.galaxy-malans.ch\" target=\"_blank\">\n\t\t\t<img decoding=\"async\" class=\"wp-post-image\"  src=\"https:\/\/procapgrischun.ch\/wp-content\/uploads\/2017\/05\/galaxy.jpg\" alt=\"\" \/>\n\t\t<\/a>\n\t\t\t<\/div>\n\t<\/div><div class=\"wpls-logo-cnt\">\n\t<div class=\"wpls-fix-box\">\n\t\t\t\t<a href=\"https:\/\/oekk.ch\/de\/privatkunden\/\" target=\"_blank\">\n\t\t\t<img decoding=\"async\" class=\"wp-post-image\"  src=\"https:\/\/procapgrischun.ch\/wp-content\/uploads\/2018\/01\/OeKK_Logo_rgb.jpg\" alt=\"\" \/>\n\t\t<\/a>\n\t\t\t<\/div>\n\t<\/div><div class=\"wpls-logo-cnt\">\n\t<div class=\"wpls-fix-box\">\n\t\t\t\t<a href=\"https:\/\/www.degiacomi.ch\/\" target=\"_blank\">\n\t\t\t<img decoding=\"async\" class=\"wp-post-image\"  src=\"https:\/\/procapgrischun.ch\/wp-content\/uploads\/2020\/11\/Logo-Degiacomi-Neu.jpg\" alt=\"\" \/>\n\t\t<\/a>\n\t\t\t<\/div>\n\t<\/div><div class=\"wpls-logo-cnt\">\n\t<div class=\"wpls-fix-box\">\n\t\t\t\t<a href=\"https:\/\/www.degiacomi.ch\/\" target=\"_blank\">\n\t\t\t<img decoding=\"async\" class=\"wp-post-image\"  src=\"https:\/\/procapgrischun.ch\/wp-content\/uploads\/2020\/11\/Degiacomi_Laufgut_quer_2zeilig.jpg\" alt=\"\" \/>\n\t\t<\/a>\n\t\t\t<\/div>\n\t<\/div>\t\t\t<\/div>\n\t\t<\/div>\n\n\t\t\n<p>&nbsp;<\/p>\n<p><\/p>","protected":false},"excerpt":{"rendered":"<p>Donaziuns: Cun ina donaziun sustegnais Vus las activitads generalas da Procap Grischun. Vus pudais era far ina donaziun liada ad in intent specific u As engaschar sco sponsur per in&#8230;  <a class=\"excerpt-read-more\" href=\"https:\/\/procapgrischun.ch\/RO\/logoshowcase\/degiacomi-laufgut\/\" title=\"Read (Deutsch) Degiacomi Laufgut\">Cite\u0219te mai mult &raquo;<\/a><\/p>\n","protected":false},"author":1,"featured_media":148,"parent":0,"menu_order":30,"comment_status":"closed","ping_status":"closed","template":"","meta":{"_acf_changed":false,"footnotes":""},"class_list":["post-284","page","type-page","status-publish","has-post-thumbnail","hentry"],"acf":[],"aioseo_notices":[],"_links":{"self":[{"href":"https:\/\/procapgrischun.ch\/RO\/wp-json\/wp\/v2\/pages\/284","targetHints":{"allow":["GET"]}}],"collection":[{"href":"https:\/\/procapgrischun.ch\/RO\/wp-json\/wp\/v2\/pages"}],"about":[{"href":"https:\/\/procapgrischun.ch\/RO\/wp-json\/wp\/v2\/types\/page"}],"author":[{"embeddable":true,"href":"https:\/\/procapgrischun.ch\/RO\/wp-json\/wp\/v2\/users\/1"}],"replies":[{"embeddable":true,"href":"https:\/\/procapgrischun.ch\/RO\/wp-json\/wp\/v2\/comments?post=284"}],"version-history":[{"count":57,"href":"https:\/\/procapgrischun.ch\/RO\/wp-json\/wp\/v2\/pages\/284\/revisions"}],"predecessor-version":[{"id":5248,"href":"https:\/\/procapgrischun.ch\/RO\/wp-json\/wp\/v2\/pages\/284\/revisions\/5248"}],"wp:featuredmedia":[{"embeddable":true,"href":"https:\/\/procapgrischun.ch\/RO\/wp-json\/wp\/v2\/media\/148"}],"wp:attachment":[{"href":"https:\/\/procapgrischun.ch\/RO\/wp-json\/wp\/v2\/media?parent=284"}],"curies":[{"name":"wp","href":"https:\/\/api.w.org\/{rel}","templated":true}]}}