{"id":20,"date":"2016-06-22T15:15:34","date_gmt":"2016-06-22T13:15:34","guid":{"rendered":"https:\/\/procapgrischun.ch\/?page_id=20"},"modified":"2025-07-23T17:05:29","modified_gmt":"2025-07-23T15:05:29","slug":"wer-sind-wir","status":"publish","type":"page","link":"https:\/\/procapgrischun.ch\/it\/ueber-uns\/wer-sind-wir\/","title":{"rendered":"Ci presentiamo"},"content":{"rendered":"<p>Procap Grischun \u00e8 la pi\u00f9 grande associazione per persone con disabilit\u00e0 del Cantone Grigioni. Essa offre ai propri soci servizi di prima scelta nel campo della consulenza giuridica e delle assicurazioni sociali. Con le sue offerte di corsi, sport e viaggi, Procap Grischun crea una vasta e articolata rete di relazioni.<\/p>\n<p>Contatti, sviluppo, autostima e parit\u00e0 sono i nostri punti cardine. Desideriamo eliminare tutte le barriere con il vostro aiuto.<\/p>\n<p>Diventando soci e prestando cos\u00ec il vostro sostegno possiamo raggiungere prima e meglio questo obiettivo. Quindi partecipate tutti attivamente. Nella nostra associazione ognuno ha diritto di voto diretto: i soci attivi, passivi e collettivi. La nostra associazione conta oltre 3&#8217;300 soci nei Grigioni. Come sezione di Procap Svizzera, che raggruppa oltre 22&#8217;000 soci, ci impegniamo con forza insieme a voi per le vostre richieste.<\/p>","protected":false},"excerpt":{"rendered":"<p>Procap Grischun \u00e8 la pi\u00f9 grande associazione per persone con disabilit\u00e0 del Cantone Grigioni. Essa offre ai propri soci servizi di prima scelta nel campo della consulenza giuridica e delle&#8230;  <a class=\"excerpt-read-more\" href=\"https:\/\/procapgrischun.ch\/it\/ueber-uns\/wer-sind-wir\/\" title=\"Read Ci presentiamo\">Leggi tutto &raquo;<\/a><\/p>\n","protected":false},"author":1,"featured_media":203,"parent":18,"menu_order":10,"comment_status":"closed","ping_status":"closed","template":"","meta":{"_acf_changed":false,"footnotes":""},"class_list":["post-20","page","type-page","status-publish","has-post-thumbnail","hentry"],"acf":[],"aioseo_notices":[],"_links":{"self":[{"href":"https:\/\/procapgrischun.ch\/it\/wp-json\/wp\/v2\/pages\/20","targetHints":{"allow":["GET"]}}],"collection":[{"href":"https:\/\/procapgrischun.ch\/it\/wp-json\/wp\/v2\/pages"}],"about":[{"href":"https:\/\/procapgrischun.ch\/it\/wp-json\/wp\/v2\/types\/page"}],"author":[{"embeddable":true,"href":"https:\/\/procapgrischun.ch\/it\/wp-json\/wp\/v2\/users\/1"}],"replies":[{"embeddable":true,"href":"https:\/\/procapgrischun.ch\/it\/wp-json\/wp\/v2\/comments?post=20"}],"version-history":[{"count":12,"href":"https:\/\/procapgrischun.ch\/it\/wp-json\/wp\/v2\/pages\/20\/revisions"}],"predecessor-version":[{"id":5260,"href":"https:\/\/procapgrischun.ch\/it\/wp-json\/wp\/v2\/pages\/20\/revisions\/5260"}],"up":[{"embeddable":true,"href":"https:\/\/procapgrischun.ch\/it\/wp-json\/wp\/v2\/pages\/18"}],"wp:featuredmedia":[{"embeddable":true,"href":"https:\/\/procapgrischun.ch\/it\/wp-json\/wp\/v2\/media\/203"}],"wp:attachment":[{"href":"https:\/\/procapgrischun.ch\/it\/wp-json\/wp\/v2\/media?parent=20"}],"curies":[{"name":"wp","href":"https:\/\/api.w.org\/{rel}","templated":true}]}}