{"id":7,"date":"2016-06-22T15:10:50","date_gmt":"2016-06-22T13:10:50","guid":{"rendered":"https:\/\/procapgrischun.ch\/?page_id=7"},"modified":"2024-08-26T07:49:06","modified_gmt":"2024-08-26T05:49:06","slug":"beratung","status":"publish","type":"page","link":"https:\/\/procapgrischun.ch\/it\/dienstleistungen\/beratung\/","title":{"rendered":"Consulenza"},"content":{"rendered":"<p><\/p>\n<h4>Ci prendiamo tempo per voi!<\/h4>\n<p>\u00c8 sempre pi\u00f9 difficile trovare le giuste risposte tra le molte informazioni in materia di diritto delle assicurazioni sociali. La nostra consulenza inizia l\u00ec dove le persone con disabilit\u00e0 arrivano ai propri limiti. In questo siamo forti \u2013 lasciatevi consigliare.<\/p>\n<h4>Procap Sozialversicherungsberatung<\/h4>\n<p>Procap sorgt daf\u00fcr, dass die Sozialversicherungsgesetze im Sinne der Menschen mit Behinderung vollzogen werden. Wir beraten und unterst\u00fctzen unter anderem Eltern von Kindern mit einer\u00a0 Behinderung ab Geburt bis zum \u00dcbergang ins Erwachsenenleben oder wir beantworten Fragen, wie sich zum Beispiel eine Assistenz organisieren und finanzieren l\u00e4sst. Wir vertreten Menschen mit unterschiedlichen Beeintr\u00e4chtigungen gegen\u00fcber Beh\u00f6rden, Gerichten und Versicherungen.<\/p>\n<h4>Procap Finanzberatung<\/h4>\n<p>In Zusammenarbeit mit der GKB bietet Procap Grischun eine erstklassige Finanzberatung an und deckt alle wesentlichen Aspekte in Geld- und Verm\u00f6gensfragen ab.<\/p>","protected":false},"excerpt":{"rendered":"<p>Ci prendiamo tempo per voi! \u00c8 sempre pi\u00f9 difficile trovare le giuste risposte tra le molte informazioni in materia di diritto delle assicurazioni sociali. La nostra consulenza inizia l\u00ec dove&#8230;  <a class=\"excerpt-read-more\" href=\"https:\/\/procapgrischun.ch\/it\/dienstleistungen\/beratung\/\" title=\"Read Consulenza\">Leggi tutto &raquo;<\/a><\/p>\n","protected":false},"author":1,"featured_media":4863,"parent":5,"menu_order":10,"comment_status":"closed","ping_status":"closed","template":"","meta":{"_acf_changed":false,"footnotes":""},"class_list":["post-7","page","type-page","status-publish","has-post-thumbnail","hentry"],"acf":[],"aioseo_notices":[],"_links":{"self":[{"href":"https:\/\/procapgrischun.ch\/it\/wp-json\/wp\/v2\/pages\/7","targetHints":{"allow":["GET"]}}],"collection":[{"href":"https:\/\/procapgrischun.ch\/it\/wp-json\/wp\/v2\/pages"}],"about":[{"href":"https:\/\/procapgrischun.ch\/it\/wp-json\/wp\/v2\/types\/page"}],"author":[{"embeddable":true,"href":"https:\/\/procapgrischun.ch\/it\/wp-json\/wp\/v2\/users\/1"}],"replies":[{"embeddable":true,"href":"https:\/\/procapgrischun.ch\/it\/wp-json\/wp\/v2\/comments?post=7"}],"version-history":[{"count":10,"href":"https:\/\/procapgrischun.ch\/it\/wp-json\/wp\/v2\/pages\/7\/revisions"}],"predecessor-version":[{"id":580,"href":"https:\/\/procapgrischun.ch\/it\/wp-json\/wp\/v2\/pages\/7\/revisions\/580"}],"up":[{"embeddable":true,"href":"https:\/\/procapgrischun.ch\/it\/wp-json\/wp\/v2\/pages\/5"}],"wp:featuredmedia":[{"embeddable":true,"href":"https:\/\/procapgrischun.ch\/it\/wp-json\/wp\/v2\/media\/4863"}],"wp:attachment":[{"href":"https:\/\/procapgrischun.ch\/it\/wp-json\/wp\/v2\/media?parent=7"}],"curies":[{"name":"wp","href":"https:\/\/api.w.org\/{rel}","templated":true}]}}