{"id":9,"date":"2016-06-22T15:11:01","date_gmt":"2016-06-22T13:11:01","guid":{"rendered":"https:\/\/procapgrischun.ch\/?page_id=9"},"modified":"2017-08-09T09:52:48","modified_gmt":"2017-08-09T07:52:48","slug":"rechtsdienst","status":"publish","type":"page","link":"https:\/\/procapgrischun.ch\/it\/dienstleistungen\/rechtsdienst\/","title":{"rendered":"Servizio Giuridico"},"content":{"rendered":"<p><strong>Procap consulenza giuridica<\/strong><\/p>\n<p>La maggior parte delle persone con una disabilit\u00e0 dipendono dalle prestazioni assicurative. Assicuratori specializzati e avvocati esperti consigliano persone con le pi\u00f9 differenti disabilit\u00e0, eseguono la corrispondenza giuridica e all\u2019occorrenza rappresentano legittimi diritti in tribunale. Procap Grischun organizza ogni mese un\u2019ora di consulenza giuridica per domande sull\u2019assicurazione sociale. I nostri servizi si limitano alle assicurazioni sociali e non includono domande su altri settori giuridici.<\/p>","protected":false},"excerpt":{"rendered":"<p>Procap consulenza giuridica La maggior parte delle persone con una disabilit\u00e0 dipendono dalle prestazioni assicurative. Assicuratori specializzati e avvocati esperti consigliano persone con le pi\u00f9 differenti disabilit\u00e0, eseguono la corrispondenza&#8230;  <a class=\"excerpt-read-more\" href=\"https:\/\/procapgrischun.ch\/it\/dienstleistungen\/rechtsdienst\/\" title=\"Read Servizio Giuridico\">Leggi tutto &raquo;<\/a><\/p>\n","protected":false},"author":1,"featured_media":232,"parent":5,"menu_order":20,"comment_status":"closed","ping_status":"closed","template":"","meta":{"_acf_changed":false,"footnotes":""},"class_list":["post-9","page","type-page","status-publish","has-post-thumbnail","hentry"],"acf":[],"aioseo_notices":[],"_links":{"self":[{"href":"https:\/\/procapgrischun.ch\/it\/wp-json\/wp\/v2\/pages\/9","targetHints":{"allow":["GET"]}}],"collection":[{"href":"https:\/\/procapgrischun.ch\/it\/wp-json\/wp\/v2\/pages"}],"about":[{"href":"https:\/\/procapgrischun.ch\/it\/wp-json\/wp\/v2\/types\/page"}],"author":[{"embeddable":true,"href":"https:\/\/procapgrischun.ch\/it\/wp-json\/wp\/v2\/users\/1"}],"replies":[{"embeddable":true,"href":"https:\/\/procapgrischun.ch\/it\/wp-json\/wp\/v2\/comments?post=9"}],"version-history":[{"count":8,"href":"https:\/\/procapgrischun.ch\/it\/wp-json\/wp\/v2\/pages\/9\/revisions"}],"predecessor-version":[{"id":581,"href":"https:\/\/procapgrischun.ch\/it\/wp-json\/wp\/v2\/pages\/9\/revisions\/581"}],"up":[{"embeddable":true,"href":"https:\/\/procapgrischun.ch\/it\/wp-json\/wp\/v2\/pages\/5"}],"wp:featuredmedia":[{"embeddable":true,"href":"https:\/\/procapgrischun.ch\/it\/wp-json\/wp\/v2\/media\/232"}],"wp:attachment":[{"href":"https:\/\/procapgrischun.ch\/it\/wp-json\/wp\/v2\/media?parent=9"}],"curies":[{"name":"wp","href":"https:\/\/api.w.org\/{rel}","templated":true}]}}